{"id":21,"date":"2022-02-02T11:03:46","date_gmt":"2022-02-02T11:03:46","guid":{"rendered":"https:\/\/papyrine.com\/?page_id=21"},"modified":"2022-05-24T18:16:55","modified_gmt":"2022-05-24T18:16:55","slug":"about-us","status":"publish","type":"page","link":"https:\/\/papyrine.com\/pl\/about-us\/","title":{"rendered":"O nas"},"content":{"rendered":"<p><span>Nasza strona jest stron\u0105 informacyjn\u0105 specjalizuj\u0105c\u0105 si\u0119 w odkrywaniu tych innowacyjnych zabawek, ksi\u0105\u017cek i niesamowitych prezent\u00f3w.<\/span><\/p>\n<p><span>Zosta\u0142 opracowany z my\u015bl\u0105 o tym, aby sta\u0107 si\u0119 znakomitym przewodnikiem dla os\u00f3b zainteresowanych modnymi prezentami i ciekawymi zabawkami.<\/span><\/p>\n<p><span>Na blogu znajdziesz klasyczne porady i przydatne informacje o najnowszych trendach w<\/span><br \/>\n<em><strong><span>Innowacyjnych Zabawkach i Prezentach<\/span><\/strong><\/em><\/p>\n","protected":false},"excerpt":{"rendered":"<p>Nasza strona jest stron\u0105 informacyjn\u0105 specjalizuj\u0105c\u0105 si\u0119 w odkrywaniu tych innowacyjnych zabawek, ksi\u0105\u017cek i niesamowitych prezent\u00f3w. Zosta\u0142 opracowany z my\u015bl\u0105 o tym, aby sta\u0107 si\u0119 znakomitym przewodnikiem dla os\u00f3b zainteresowanych&hellip;<\/p>\n","protected":false},"author":1,"featured_media":0,"parent":0,"menu_order":0,"comment_status":"closed","ping_status":"closed","template":"","meta":{"footnotes":""},"class_list":["post-21","page","type-page","status-publish"],"_links":{"self":[{"href":"https:\/\/papyrine.com\/pl\/wp-json\/wp\/v2\/pages\/21","targetHints":{"allow":["GET"]}}],"collection":[{"href":"https:\/\/papyrine.com\/pl\/wp-json\/wp\/v2\/pages"}],"about":[{"href":"https:\/\/papyrine.com\/pl\/wp-json\/wp\/v2\/types\/page"}],"author":[{"embeddable":true,"href":"https:\/\/papyrine.com\/pl\/wp-json\/wp\/v2\/users\/1"}],"replies":[{"embeddable":true,"href":"https:\/\/papyrine.com\/pl\/wp-json\/wp\/v2\/comments?post=21"}],"version-history":[{"count":1,"href":"https:\/\/papyrine.com\/pl\/wp-json\/wp\/v2\/pages\/21\/revisions"}],"predecessor-version":[{"id":430,"href":"https:\/\/papyrine.com\/pl\/wp-json\/wp\/v2\/pages\/21\/revisions\/430"}],"wp:attachment":[{"href":"https:\/\/papyrine.com\/pl\/wp-json\/wp\/v2\/media?parent=21"}],"curies":[{"name":"wp","href":"https:\/\/api.w.org\/{rel}","templated":true}]}}