{"id":26,"date":"2022-02-02T11:07:44","date_gmt":"2022-02-02T11:07:44","guid":{"rendered":"https:\/\/papyrine.com\/?page_id=26"},"modified":"2022-02-25T17:13:11","modified_gmt":"2022-02-25T17:13:11","slug":"cookies-policy","status":"publish","type":"page","link":"https:\/\/papyrine.com\/es\/cookies-policy\/","title":{"rendered":"Pol\u00edtica de cookies"},"content":{"rendered":"<div class=\"page-header\">\n<div class=\"page-title post-title is-size-1\">\n<h3 class=\"entry-title\"><span>Efectivo: 22 de febrero de 2022<\/span><\/h3>\n<p><span>Una cookie es un archivo que contiene un identificador (una cadena de letras y n\u00fameros) que un servidor web env\u00eda a un navegador web y que el navegador almacena.\u00a0Luego, el identificador se env\u00eda de vuelta al servidor cada vez que el navegador solicita una p\u00e1gina del servidor.\u00a0Las cookies pueden ser cookies &#8220;persistentes&#8221; o cookies de &#8220;sesi\u00f3n&#8221;: un navegador web almacenar\u00e1 una cookie persistente y seguir\u00e1 siendo v\u00e1lida hasta la fecha de vencimiento establecida, a menos que el usuario la elimine antes de la fecha de vencimiento;\u00a0una cookie de sesi\u00f3n, por otro lado, caducar\u00e1 al final de la sesi\u00f3n del usuario, cuando se cierre el navegador web.\u00a0Las cookies normalmente no contienen ninguna informaci\u00f3n que identifique personalmente a un usuario, pero la informaci\u00f3n personal que almacenamos sobre usted puede estar vinculada a la informaci\u00f3n almacenada y obtenida de las cookies.<\/span><\/p>\n<p>&nbsp;<\/p>\n<p><strong><span>NUESTRO USO DE COOKIES<\/span><\/strong><\/p>\n<p><span>Utilizamos cookies para los siguientes fines:<\/span><\/p>\n<p><span>(a) autenticaci\u00f3n: utilizamos cookies para identificarlo cuando visita nuestro sitio web y mientras navega por nuestro sitio web;<\/span><\/p>\n<p><span>(b) estado: utilizamos cookies para ayudarnos a determinar si ha iniciado sesi\u00f3n en nuestro sitio web;<\/span><\/p>\n<p><span>(c) personalizaci\u00f3n: utilizamos cookies para almacenar informaci\u00f3n sobre sus preferencias y personalizar el sitio web para usted;<\/span><\/p>\n<p><span>(d) seguridad: utilizamos cookies como un elemento de las medidas de seguridad utilizadas para proteger las cuentas de los usuarios, incluida la prevenci\u00f3n del uso fraudulento de las credenciales de inicio de sesi\u00f3n, y para proteger nuestro sitio web y nuestros servicios en general.<\/span><\/p>\n<p><span>(e) publicidad: utilizamos cookies para ayudarnos a mostrar anuncios que ser\u00e1n relevantes para usted;\u00a0y<\/span><\/p>\n<p><span>(f) an\u00e1lisis: utilizamos cookies para ayudarnos a analizar el uso y el rendimiento de nuestro sitio web y servicios;<\/span><\/p>\n<p><span>Utilizamos Google Analytics para analizar el uso de nuestro sitio web.\u00a0Google Analytics recopila informaci\u00f3n sobre el uso del sitio web por medio de cookies.\u00a0La informaci\u00f3n recopilada en relaci\u00f3n con nuestro sitio web se utiliza para crear informes sobre el uso de nuestro sitio web.\u00a0La pol\u00edtica de privacidad de Google est\u00e1 disponible en:\u00a0\u00a0<\/span><a href=\"https:\/\/translate.google.com\/website?sl=en&amp;tl=es&amp;hl=en&amp;client=webapp&amp;u=https:\/\/www.google.com\/policies\/privacy\/\"><strong><span>https:\/\/www.google.com\/policies\/privacy\/<\/span><\/strong><\/a><\/p>\n<p><span>La mayor\u00eda de los navegadores le permiten negarse a aceptar cookies y eliminar cookies.<\/span><\/p>\n<p><span>Tenga en cuenta que el bloqueo de cookies puede tener un impacto negativo en las funciones de muchos sitios web, incluido nuestro Sitio.\u00a0Algunas caracter\u00edsticas del Sitio pueden dejar de estar disponibles para usted.<\/span><\/p>\n<p><span>Algunos de los datos recopilados pueden ser datos an\u00f3nimos, que se combinan en conjunto y no lo identifican como individuo.<\/span><\/p>\n<p><strong><span>Cookies de Publicidad en Internet<\/span><\/strong><\/p>\n<p><span>Al igual que otras redes publicitarias en l\u00ednea, utilizamos cookies, balizas web (tambi\u00e9n conocidas como etiquetas de acci\u00f3n o gifs de un solo p\u00edxel) y otras tecnolog\u00edas (colectivamente, &#8220;cookies&#8221;).\u00a0Las cookies nos permiten saber qu\u00e9 anuncios ve, en qu\u00e9 anuncios hace clic y otras acciones que realiza en nuestros sitios y otros sitios.\u00a0Esto nos permite ofrecerle anuncios m\u00e1s \u00fatiles y relevantes.\u00a0Por ejemplo, si sabemos qu\u00e9 anuncios le muestran, podemos tener cuidado de no mostrarle los mismos repetidamente.<\/span><\/p>\n<p><span>No asociamos su interacci\u00f3n con sitios no afiliados con su identidad al proporcionarle anuncios basados \u200b\u200ben intereses.<\/span><\/p>\n<p><span>No proporcionamos ninguna informaci\u00f3n personal a los anunciantes ni a los sitios de terceros que muestran nuestros anuncios basados \u200b\u200ben intereses.\u00a0Sin embargo, los anunciantes y otros terceros (incluidas las redes publicitarias, las empresas de publicaci\u00f3n de anuncios y otros proveedores de servicios que puedan usar) pueden suponer que los usuarios que interact\u00faan o hacen clic en un anuncio o contenido personalizado son parte del grupo al que pertenece el anuncio. o el contenido est\u00e1 dirigido (por ejemplo, usuarios en un \u00e1rea geogr\u00e1fica particular o usuarios que compraron o buscaron m\u00fasica cl\u00e1sica).\u00a0Adem\u00e1s, algunos terceros pueden proporcionarnos informaci\u00f3n sobre usted (como informaci\u00f3n demogr\u00e1fica o sitios donde se le han mostrado anuncios) de fuentes en l\u00ednea y fuera de l\u00ednea que podemos usar para brindarle publicidad m\u00e1s relevante y \u00fatil.<\/span><\/p>\n<p><span>Los anunciantes de terceros o las empresas de publicidad que trabajan en su nombre a veces usan tecnolog\u00eda para publicar los anuncios que aparecen en nuestros sitios directamente en su navegador.\u00a0Reciben autom\u00e1ticamente su direcci\u00f3n IP cuando esto sucede.\u00a0Tambi\u00e9n pueden utilizar cookies para medir la eficacia de sus anuncios y personalizar el contenido publicitario.\u00a0No tenemos acceso ni control sobre las cookies u otras caracter\u00edsticas que los anunciantes y los sitios de terceros puedan usar, y las pr\u00e1cticas de informaci\u00f3n de estos anunciantes y sitios web de terceros no est\u00e1n cubiertas por nuestro Aviso de privacidad o esta p\u00e1gina de Cookies y publicidad en Internet.\u00a0Comun\u00edquese con ellos directamente para obtener m\u00e1s informaci\u00f3n sobre sus pr\u00e1cticas de privacidad.<\/span><\/p>\n<p><strong><span>Cookies para Google Adsense<\/span><\/strong><\/p>\n<p><span>Tambi\u00e9n nos reservamos el derecho de publicar anuncios basados \u200b\u200ben intereses de Google Adsense en este sitio web.\u00a0Estos est\u00e1n dise\u00f1ados por Google para reflejar sus intereses.\u00a0Para determinar sus intereses, Google rastrear\u00e1 su comportamiento en la web mediante el uso de cookies.\u00a0Puede ver, eliminar o agregar categor\u00edas de inter\u00e9s asociadas con su navegador mediante el Administrador de preferencias de anuncios de Google, disponible en: http:\/\/www.google.com\/ads\/preferences\/.\u00a0Tambi\u00e9n puede excluirse de la cookie de la red de socios de Adsense en: http:\/\/www.google.com\/privacy_ads.html.\u00a0Sin embargo, este mecanismo de exclusi\u00f3n utiliza una cookie, y si borra las cookies de su navegador, no se mantendr\u00e1 su opci\u00f3n de exclusi\u00f3n.\u00a0Para asegurarse de que se mantiene la exclusi\u00f3n voluntaria con respecto a un navegador en particular, debe usar el complemento del navegador de Google disponible en: http:\/\/www.google.com\/ads\/preferences\/plugin.<\/span><\/p>\n<p><strong><span>Otras cookies de terceros<\/span><\/strong><\/p>\n<p><span>Cuando utiliza este sitio web, tambi\u00e9n se le pueden enviar otras cookies de terceros, que pueden usarse para los siguientes prop\u00f3sitos:<\/span><\/p>\n<p><span>l basado en el rendimiento<\/span><br \/>\n<span>l ubicaci\u00f3n geogr\u00e1fica y dispositivo utilizado<\/span><br \/>\n<span>l navegador y preferencias de idioma<\/span><\/p>\n<p><strong><span>rechazar las cookies<\/span><\/strong><\/p>\n<p><span>La mayor\u00eda de los navegadores le permiten negarse a aceptar cookies.<\/span><\/p>\n<p><span>En Internet Explorer, puede rechazar todas las cookies haciendo clic en &#8220;Herramientas&#8221;, &#8220;Opciones de Internet&#8221;, &#8220;Privacidad&#8221; y seleccionando &#8220;Bloquear todas las cookies&#8221; con el selector deslizante.<\/span><\/p>\n<p><span>En Firefox, puede ajustar la configuraci\u00f3n de las cookies haciendo clic en &#8220;Herramientas&#8221;, &#8220;Opciones&#8221; y &#8220;Privacidad&#8221;.<\/span><\/p>\n<p><span>El bloqueo de cookies tendr\u00e1 un impacto negativo en la usabilidad de algunos sitios web.<\/span><\/p>\n<p>&nbsp;<\/p>\n<p><span>Sus elecciones en este sitio se aplicar\u00e1n solo para este sitio.\u00a0<span class=\"goog-text-highlight\">Puede cambiar su configuraci\u00f3n en cualquier momento, incluidos los pasos disponibles para retirar su consentimiento, yendo a la\u00a0 p\u00e1gina de\u00a0<\/span><\/span><u><span><span class=\"goog-text-highlight\">Pol\u00edtica de privacidad<\/span><\/span><\/u><span><span class=\"goog-text-highlight\">\u00a0de este sitio.<\/span><\/span><\/p>\n<\/div>\n<\/div>\n","protected":false},"excerpt":{"rendered":"<p>Efectivo: 22 de febrero de 2022 Una cookie es un archivo que contiene un identificador (una cadena de letras y n\u00fameros) que un servidor web env\u00eda a un navegador web&hellip;<\/p>\n","protected":false},"author":1,"featured_media":0,"parent":0,"menu_order":0,"comment_status":"closed","ping_status":"closed","template":"","meta":{"footnotes":""},"class_list":["post-26","page","type-page","status-publish"],"_links":{"self":[{"href":"https:\/\/papyrine.com\/es\/wp-json\/wp\/v2\/pages\/26","targetHints":{"allow":["GET"]}}],"collection":[{"href":"https:\/\/papyrine.com\/es\/wp-json\/wp\/v2\/pages"}],"about":[{"href":"https:\/\/papyrine.com\/es\/wp-json\/wp\/v2\/types\/page"}],"author":[{"embeddable":true,"href":"https:\/\/papyrine.com\/es\/wp-json\/wp\/v2\/users\/1"}],"replies":[{"embeddable":true,"href":"https:\/\/papyrine.com\/es\/wp-json\/wp\/v2\/comments?post=26"}],"version-history":[{"count":3,"href":"https:\/\/papyrine.com\/es\/wp-json\/wp\/v2\/pages\/26\/revisions"}],"predecessor-version":[{"id":306,"href":"https:\/\/papyrine.com\/es\/wp-json\/wp\/v2\/pages\/26\/revisions\/306"}],"wp:attachment":[{"href":"https:\/\/papyrine.com\/es\/wp-json\/wp\/v2\/media?parent=26"}],"curies":[{"name":"wp","href":"https:\/\/api.w.org\/{rel}","templated":true}]}}