{"id":21,"date":"2022-02-02T11:03:46","date_gmt":"2022-02-02T11:03:46","guid":{"rendered":"https:\/\/papyrine.com\/?page_id=21"},"modified":"2022-04-14T15:06:02","modified_gmt":"2022-04-14T15:06:02","slug":"about-us","status":"publish","type":"page","link":"https:\/\/papyrine.com\/es\/about-us\/","title":{"rendered":"Sobre Nosotros"},"content":{"rendered":"<p><span class=\"\">Nuestro sitio es un sitio web de informaci\u00f3n especializado en descubrir estos innovadores juguetes, libros y fant\u00e1sticos regalos.<\/span><\/p>\n<p>Fue conceptualizado con el objetivo de convertirse en una excelente gu\u00eda para las personas interesadas en regalos de moda y juguetes interesantes.<\/p>\n<p><span class=\"goog-text-highlight\">El blog presenta consejos cl\u00e1sicos e informaci\u00f3n \u00fatil sobre las \u00faltimas tendencias en<\/span><br \/>\n<em><strong><span class=\"goog-text-highlight\">Juguetes y regalos innovadores .<\/span><\/strong><\/em><\/p>\n","protected":false},"excerpt":{"rendered":"<p>Nuestro sitio es un sitio web de informaci\u00f3n especializado en descubrir estos innovadores juguetes, libros y fant\u00e1sticos regalos. Fue conceptualizado con el objetivo de convertirse en una excelente gu\u00eda para&hellip;<\/p>\n","protected":false},"author":1,"featured_media":0,"parent":0,"menu_order":0,"comment_status":"closed","ping_status":"closed","template":"","meta":{"footnotes":""},"class_list":["post-21","page","type-page","status-publish"],"_links":{"self":[{"href":"https:\/\/papyrine.com\/es\/wp-json\/wp\/v2\/pages\/21","targetHints":{"allow":["GET"]}}],"collection":[{"href":"https:\/\/papyrine.com\/es\/wp-json\/wp\/v2\/pages"}],"about":[{"href":"https:\/\/papyrine.com\/es\/wp-json\/wp\/v2\/types\/page"}],"author":[{"embeddable":true,"href":"https:\/\/papyrine.com\/es\/wp-json\/wp\/v2\/users\/1"}],"replies":[{"embeddable":true,"href":"https:\/\/papyrine.com\/es\/wp-json\/wp\/v2\/comments?post=21"}],"version-history":[{"count":4,"href":"https:\/\/papyrine.com\/es\/wp-json\/wp\/v2\/pages\/21\/revisions"}],"predecessor-version":[{"id":415,"href":"https:\/\/papyrine.com\/es\/wp-json\/wp\/v2\/pages\/21\/revisions\/415"}],"wp:attachment":[{"href":"https:\/\/papyrine.com\/es\/wp-json\/wp\/v2\/media?parent=21"}],"curies":[{"name":"wp","href":"https:\/\/api.w.org\/{rel}","templated":true}]}}