{"id":21,"date":"2022-02-02T11:03:46","date_gmt":"2022-02-02T11:03:46","guid":{"rendered":"https:\/\/papyrine.com\/?page_id=21"},"modified":"2022-04-14T14:50:18","modified_gmt":"2022-04-14T14:50:18","slug":"about-us","status":"publish","type":"page","link":"https:\/\/papyrine.com\/br\/about-us\/","title":{"rendered":"Sobre N\u00f3s"},"content":{"rendered":"<p>Nosso site \u00e9 um site de informa\u00e7\u00f5es especializado em descobrir esses brinquedos inovadores, livros e presentes incr\u00edveis.<\/p>\n<p>Foi concebido com o objetivo de se tornar um excelente guia para pessoas interessadas em presentes e brinquedos interessantes.<\/p>\n<p>O blog traz dicas cl\u00e1ssicas e informa\u00e7\u00f5es \u00fateis sobre as \u00faltimas tend\u00eancias em<br \/>\n<em><strong>Brinquedos e Presentes Inovadores<\/strong><\/em><\/p>\n","protected":false},"excerpt":{"rendered":"<p>Nosso site \u00e9 um site de informa\u00e7\u00f5es especializado em descobrir esses brinquedos inovadores, livros e presentes incr\u00edveis. Foi concebido com o objetivo de se tornar um excelente guia para pessoas&hellip;<\/p>\n","protected":false},"author":1,"featured_media":0,"parent":0,"menu_order":0,"comment_status":"closed","ping_status":"closed","template":"","meta":{"footnotes":""},"class_list":["post-21","page","type-page","status-publish"],"_links":{"self":[{"href":"https:\/\/papyrine.com\/br\/wp-json\/wp\/v2\/pages\/21","targetHints":{"allow":["GET"]}}],"collection":[{"href":"https:\/\/papyrine.com\/br\/wp-json\/wp\/v2\/pages"}],"about":[{"href":"https:\/\/papyrine.com\/br\/wp-json\/wp\/v2\/types\/page"}],"author":[{"embeddable":true,"href":"https:\/\/papyrine.com\/br\/wp-json\/wp\/v2\/users\/1"}],"replies":[{"embeddable":true,"href":"https:\/\/papyrine.com\/br\/wp-json\/wp\/v2\/comments?post=21"}],"version-history":[{"count":1,"href":"https:\/\/papyrine.com\/br\/wp-json\/wp\/v2\/pages\/21\/revisions"}],"predecessor-version":[{"id":589,"href":"https:\/\/papyrine.com\/br\/wp-json\/wp\/v2\/pages\/21\/revisions\/589"}],"wp:attachment":[{"href":"https:\/\/papyrine.com\/br\/wp-json\/wp\/v2\/media?parent=21"}],"curies":[{"name":"wp","href":"https:\/\/api.w.org\/{rel}","templated":true}]}}